{"id":962,"date":"2022-03-31T11:43:15","date_gmt":"2022-03-31T09:43:15","guid":{"rendered":"https:\/\/www.ogv-thalheim.de\/?page_id=962"},"modified":"2023-03-05T21:02:12","modified_gmt":"2023-03-05T19:02:12","slug":"jahresprogramm-2022","status":"publish","type":"page","link":"https:\/\/www.ogv-thalheim.de\/?page_id=962","title":{"rendered":"Jahresprogramm 2023"},"content":{"rendered":"\n<p class=\"has-light-gray-background-color has-background\"><strong>Mittwoch  01.03.2023  19 Uhr<\/strong><br>Jahreshauptversammlung  Pizzeria Maria Thalheim<\/p>\n\n\n\n<p class=\"has-light-gray-background-color has-background\"><strong>April <\/strong><br>Fr\u00fchjahrsputz auf dem Marienweg sowie im &#8220; Wieselst\u00fcberl&#8220;<br><strong>Mittwoch 05.04.23 19 Uhr<\/strong><br><strong>Vortrag<\/strong> : Rosen und ihre Begleiter  Referent Michael Klinger Kreisfachberater<\/p>\n\n\n\n<p class=\"has-light-gray-background-color has-background\"><strong>Samstag 15. 07. 2023<\/strong><br><strong>Ausflug: <\/strong>Landesgartenschau in Freyung<br>Anmeldung bei Annemarie Schulz 08762-1038<\/p>\n\n\n\n<p class=\"has-light-gray-background-color has-background\"><strong>Montag 14. 08. 2023 16 Uhr<\/strong><br>Kr\u00e4uterbuschen binden im Dorfstadl Maria Thalheim<\/p>\n\n\n\n<p class=\"has-light-gray-background-color has-background\"><strong>Dienstag 15. 08. 2023, 10 Uhr<\/strong><br>Gegen eine Spende werden die Kr\u00e4uterbuschen vor der Kirche abgegeben.<\/p>\n\n\n\n<p class=\"has-light-gray-background-color has-background\"><strong>Ab September 2023<\/strong><br>jeden Freitag Obstpressen bis Ende Oktober<\/p>\n\n\n\n<p class=\"has-light-gray-background-color has-background\"><strong>Mittwoch 04. 10. 2023, 19 Uhr<\/strong><br>Vortrag <\/p>\n\n\n\n<p class=\"has-light-gray-background-color has-background\"><strong>Samstag 02. 12. 2023<\/strong>  <strong>16 Uhr<\/strong><br>16 Uhr Vorabendgottesdienst f\u00fcr verstorbene Mitglieder anschlie\u00dfend kleine Adventfeier mit <br>Gl\u00fchwein und Weihnachtsgeb\u00e4ck am Dorfplatz. Die Kerzen am aufgestellten Christbaum werden angez\u00fcndet.<br>Evt. Verkauf von Adventkr\u00e4nzen und Gestecken<\/p>\n\n\n\n<p class=\"has-light-gray-background-color has-background\"><strong>Mittwoch 06. 12. 2023 19 Uhr<\/strong><br>Weihnachtsfeier im L Italiano in Maria Thalheim<\/p>\n\n\n\n<p><br><strong>Gartler-Stammtisch jeden 1. Mittwoch im Monat<\/strong><\/p>\n\n\n\n<p><\/p>\n\n\n\n<p><\/p>\n\n\n\n<p><\/p>\n\n\n\n<p><\/p>\n\n\n\n<p id=\"block-f9c4d719-0fec-4e3a-9016-3b579b0da792\"><\/p>\n\n\n\n<p class=\"has-black-color has-medium-gray-background-color has-text-color has-background\"><\/p>\n","protected":false},"excerpt":{"rendered":"<p>Mittwoch 01.03.2023 19 UhrJahreshauptversammlung Pizzeria Maria Thalheim April Fr\u00fchjahrsputz auf dem Marienweg sowie im &#8220; Wieselst\u00fcberl&#8220;Mittwoch 05.04.23 19 UhrVortrag : Rosen und ihre Begleiter Referent Michael Klinger Kreisfachberater Samstag 15. 07. 2023Ausflug: Landesgartenschau in FreyungAnmeldung bei Annemarie Schulz 08762-1038 Montag &hellip; <a href=\"https:\/\/www.ogv-thalheim.de\/?page_id=962\">Weiterlesen <span class=\"meta-nav\">&rarr;<\/span><\/a><\/p>\n","protected":false},"author":1,"featured_media":0,"parent":0,"menu_order":0,"comment_status":"closed","ping_status":"closed","template":"","meta":{"ngg_post_thumbnail":0,"footnotes":""},"class_list":["post-962","page","type-page","status-publish","hentry"],"_links":{"self":[{"href":"https:\/\/www.ogv-thalheim.de\/index.php?rest_route=\/wp\/v2\/pages\/962","targetHints":{"allow":["GET"]}}],"collection":[{"href":"https:\/\/www.ogv-thalheim.de\/index.php?rest_route=\/wp\/v2\/pages"}],"about":[{"href":"https:\/\/www.ogv-thalheim.de\/index.php?rest_route=\/wp\/v2\/types\/page"}],"author":[{"embeddable":true,"href":"https:\/\/www.ogv-thalheim.de\/index.php?rest_route=\/wp\/v2\/users\/1"}],"replies":[{"embeddable":true,"href":"https:\/\/www.ogv-thalheim.de\/index.php?rest_route=%2Fwp%2Fv2%2Fcomments&post=962"}],"version-history":[{"count":8,"href":"https:\/\/www.ogv-thalheim.de\/index.php?rest_route=\/wp\/v2\/pages\/962\/revisions"}],"predecessor-version":[{"id":1046,"href":"https:\/\/www.ogv-thalheim.de\/index.php?rest_route=\/wp\/v2\/pages\/962\/revisions\/1046"}],"wp:attachment":[{"href":"https:\/\/www.ogv-thalheim.de\/index.php?rest_route=%2Fwp%2Fv2%2Fmedia&parent=962"}],"curies":[{"name":"wp","href":"https:\/\/api.w.org\/{rel}","templated":true}]}}