{"id":301,"date":"2015-05-26T12:22:07","date_gmt":"2015-05-26T10:22:07","guid":{"rendered":"http:\/\/www.ogv-thalheim.de\/?page_id=301"},"modified":"2023-07-05T09:10:36","modified_gmt":"2023-07-05T07:10:36","slug":"marienweg","status":"publish","type":"page","link":"https:\/\/www.ogv-thalheim.de\/?page_id=301","title":{"rendered":"Marienweg"},"content":{"rendered":"<p>Der ca. 8 km lange Rundweg um den Wallfahrtsort Maria Thalheim wurde im Rahmen der Dorferneuerung vom Obst-und Gartenbauverein als spiritueller Wanderweg vorgeplant und entwickelt.<\/p>\n<p>In Zusammenarbeit mit der Gemeinde Fraunberg, B\u00fcrgermeister Hans Wiesmaier und dem OGV Thalheim unter Vorsitz von Lilo Schrankl,&nbsp; konnte der Marienweg am <strong>3. Okt. 2004&nbsp;<\/strong> feierlich eingeweiht werden.<br \/>\nDer spirituelle, meditative Teil des Wanderwegs ist eine Idee von Ursula und Egon Wei\u00df, beide Mitglieder des \u00f6rtlichen Obst-und Gartenbauvereins. In liebevoller Kleinarbeit wurden meditative Texte erarbeitet und kleine Tafeln mit diesen Texten an geeigneten Stationen des Marienwegs aufgestellt. Der Wanderweg&nbsp; f\u00fchrt rund um Maria Thalheim, ein Wallfahrtsort, eingebettet in eine der sch\u00f6nsten Landschaften des Erdinger H\u00fcgellandes.<\/p>\n<p>Ausgangspunkt des Wanderwegs ist der Parkplatz im Zentrum von Maria Thalheim.<br \/>\nAm dortigen Bush\u00e4usl findet man auch eine Wanderkarte. Der Weg ist gut ausgeschildert, ebenso die m\u00f6glichen Abk\u00fcrzungen.&nbsp; Zahlreiche vom OGV aufgestellte B\u00e4nke bieten Einhalt zur Rast. Die Meditationstafeln sollen zum Nachdenken anregen und bei den Baumbotschaften erfahren Sie alles wissenswerte \u00fcber unsere einheimischen B\u00e4ume. Die Wallfahrtskirche l\u00e4dt zum besinnlichen Ausklang der Wanderung ein.<\/p>\n<div id=\"attachment_255\" style=\"width: 335px\" class=\"wp-caption alignnone\"><a href=\"https:\/\/www.ogv-thalheim.de\/wp-content\/uploads\/2014\/08\/CIMG32951.jpg\"><img loading=\"lazy\" decoding=\"async\" aria-describedby=\"caption-attachment-255\" class=\" wp-image-255\" src=\"https:\/\/www.ogv-thalheim.de\/wp-content\/uploads\/2014\/08\/CIMG32951-300x225.jpg\" alt=\"\" width=\"325\" height=\"244\" srcset=\"https:\/\/www.ogv-thalheim.de\/wp-content\/uploads\/2014\/08\/CIMG32951-300x225.jpg 300w, https:\/\/www.ogv-thalheim.de\/wp-content\/uploads\/2014\/08\/CIMG32951-1024x768.jpg 1024w\" sizes=\"auto, (max-width: 325px) 100vw, 325px\" \/><\/a><p id=\"caption-attachment-255\" class=\"wp-caption-text\">Meditationsrad am Marienweg<\/p><\/div>\n<p>&nbsp;<\/p>\n<p>Brosch\u00fcren und Wanderkarten zum Marienweg sind erh\u00e4ltlich bei:<br \/>\nGemeindezentrum Fraunberg<br \/>\nB\u00e4ckerei Sellmaier Maria Thalheim<br \/>\nGasthaus Strasser Oberbierbach<\/p>\n<p>Die Mitglieder des Obst-und Gartenbauvereins Maria Thalheim hegen und pflegen den Marienweg.<br \/>\n<strong>Bitte<\/strong> helft mit, den Weg sauber zu halten.<\/p>\n","protected":false},"excerpt":{"rendered":"<p>Der ca. 8 km lange Rundweg um den Wallfahrtsort Maria Thalheim wurde im Rahmen der Dorferneuerung vom Obst-und Gartenbauverein als spiritueller Wanderweg vorgeplant und entwickelt. In Zusammenarbeit mit der Gemeinde Fraunberg, B\u00fcrgermeister Hans Wiesmaier und dem OGV Thalheim unter Vorsitz &hellip; <a href=\"https:\/\/www.ogv-thalheim.de\/?page_id=301\">Weiterlesen <span class=\"meta-nav\">&rarr;<\/span><\/a><\/p>\n","protected":false},"author":1,"featured_media":0,"parent":0,"menu_order":0,"comment_status":"closed","ping_status":"closed","template":"","meta":{"ngg_post_thumbnail":0,"footnotes":""},"class_list":["post-301","page","type-page","status-publish","hentry"],"_links":{"self":[{"href":"https:\/\/www.ogv-thalheim.de\/index.php?rest_route=\/wp\/v2\/pages\/301","targetHints":{"allow":["GET"]}}],"collection":[{"href":"https:\/\/www.ogv-thalheim.de\/index.php?rest_route=\/wp\/v2\/pages"}],"about":[{"href":"https:\/\/www.ogv-thalheim.de\/index.php?rest_route=\/wp\/v2\/types\/page"}],"author":[{"embeddable":true,"href":"https:\/\/www.ogv-thalheim.de\/index.php?rest_route=\/wp\/v2\/users\/1"}],"replies":[{"embeddable":true,"href":"https:\/\/www.ogv-thalheim.de\/index.php?rest_route=%2Fwp%2Fv2%2Fcomments&post=301"}],"version-history":[{"count":17,"href":"https:\/\/www.ogv-thalheim.de\/index.php?rest_route=\/wp\/v2\/pages\/301\/revisions"}],"predecessor-version":[{"id":1074,"href":"https:\/\/www.ogv-thalheim.de\/index.php?rest_route=\/wp\/v2\/pages\/301\/revisions\/1074"}],"wp:attachment":[{"href":"https:\/\/www.ogv-thalheim.de\/index.php?rest_route=%2Fwp%2Fv2%2Fmedia&parent=301"}],"curies":[{"name":"wp","href":"https:\/\/api.w.org\/{rel}","templated":true}]}}