{"id":222,"date":"2014-12-21T16:16:08","date_gmt":"2014-12-21T14:16:08","guid":{"rendered":"http:\/\/www.ogv-thalheim.de\/?page_id=222"},"modified":"2025-02-19T19:42:09","modified_gmt":"2025-02-19T17:42:09","slug":"vorstandschaft","status":"publish","type":"page","link":"https:\/\/www.ogv-thalheim.de\/?page_id=222","title":{"rendered":"Vorstandschaft"},"content":{"rendered":"<p>1. Vorstand\u00a0\u00a0\u00a0\u00a0\u00a0\u00a0\u00a0\u00a0\u00a0\u00a0\u00a0\u00a0\u00a0\u00a0\u00a0\u00a0\u00a0\u00a0\u00a0\u00a0 Annemarie Schulz\u00a0\u00a0\u00a0 Tel. 08762-1038<br \/>2. Vorstand\u00a0\u00a0\u00a0\u00a0\u00a0\u00a0\u00a0\u00a0\u00a0\u00a0\u00a0\u00a0\u00a0\u00a0\u00a0\u00a0\u00a0\u00a0\u00a0\u00a0 Ilona Weidner\u00a0\u00a0\u00a0\u00a0\u00a0\u00a0\u00a0\u00a0\u00a0\u00a0 Tel. 08762-729817<br \/>Kassier\u00a0\u00a0\u00a0\u00a0\u00a0\u00a0\u00a0\u00a0\u00a0\u00a0\u00a0\u00a0\u00a0\u00a0\u00a0\u00a0\u00a0\u00a0\u00a0\u00a0\u00a0\u00a0\u00a0\u00a0\u00a0\u00a0\u00a0 Dagmar Fischer<br \/>Schriftf\u00fchrer\u00a0\u00a0\u00a0\u00a0\u00a0\u00a0\u00a0\u00a0\u00a0\u00a0\u00a0\u00a0\u00a0\u00a0\u00a0\u00a0\u00a0 Monika Bart<br \/>Beisitzer\u00a0\u00a0\u00a0\u00a0\u00a0\u00a0\u00a0\u00a0\u00a0\u00a0\u00a0\u00a0\u00a0\u00a0\u00a0\u00a0\u00a0\u00a0\u00a0\u00a0\u00a0\u00a0\u00a0\u00a0 Rosi Sch\u00e4ffler, Irmgard Rosinger, Marianne Obermaier<br \/>Beisitzer\u00a0\u00a0\u00a0\u00a0\u00a0\u00a0\u00a0\u00a0\u00a0\u00a0\u00a0\u00a0\u00a0\u00a0\u00a0\u00a0\u00a0\u00a0\u00a0\u00a0\u00a0\u00a0\u00a0\u00a0 Traudl H\u00e4usler, Maria K\u00e4smaier u. Marianne Lachner<br \/>Kassenpr\u00fcfer\u00a0\u00a0\u00a0\u00a0\u00a0\u00a0\u00a0\u00a0\u00a0\u00a0\u00a0\u00a0\u00a0\u00a0\u00a0\u00a0 Marita Atzberger und Marion Bauer<\/p>\n<p>Obstpress-Team\u00a0\u00a0\u00a0\u00a0\u00a0\u00a0\u00a0\u00a0\u00a0\u00a0 Marianne Lachner und Annemarie Schulz<\/p>\n\n\n<p><strong>Vereinsbeitrag<\/strong> j\u00e4hrlich<\/p>\n\n\n\n<p><\/p>\n\n\n\n<p><strong>20 Euro<\/strong> <strong>Erwachsene    <\/strong> mit Abo Gartenratgeber<br><strong>  5 Euro<\/strong> <strong>Kinder              <\/strong>  kein Ratgeber<br><strong>25 Euro   Partner         <\/strong>   mit Abo 1 Gartenratgeb<\/p>\n\n\n\n<p><\/p>\n","protected":false},"excerpt":{"rendered":"<p>1. Vorstand\u00a0\u00a0\u00a0\u00a0\u00a0\u00a0\u00a0\u00a0\u00a0\u00a0\u00a0\u00a0\u00a0\u00a0\u00a0\u00a0\u00a0\u00a0\u00a0\u00a0 Annemarie Schulz\u00a0\u00a0\u00a0 Tel. 08762-10382. Vorstand\u00a0\u00a0\u00a0\u00a0\u00a0\u00a0\u00a0\u00a0\u00a0\u00a0\u00a0\u00a0\u00a0\u00a0\u00a0\u00a0\u00a0\u00a0\u00a0\u00a0 Ilona Weidner\u00a0\u00a0\u00a0\u00a0\u00a0\u00a0\u00a0\u00a0\u00a0\u00a0 Tel. 08762-729817Kassier\u00a0\u00a0\u00a0\u00a0\u00a0\u00a0\u00a0\u00a0\u00a0\u00a0\u00a0\u00a0\u00a0\u00a0\u00a0\u00a0\u00a0\u00a0\u00a0\u00a0\u00a0\u00a0\u00a0\u00a0\u00a0\u00a0\u00a0 Dagmar FischerSchriftf\u00fchrer\u00a0\u00a0\u00a0\u00a0\u00a0\u00a0\u00a0\u00a0\u00a0\u00a0\u00a0\u00a0\u00a0\u00a0\u00a0\u00a0\u00a0 Monika BartBeisitzer\u00a0\u00a0\u00a0\u00a0\u00a0\u00a0\u00a0\u00a0\u00a0\u00a0\u00a0\u00a0\u00a0\u00a0\u00a0\u00a0\u00a0\u00a0\u00a0\u00a0\u00a0\u00a0\u00a0\u00a0 Rosi Sch\u00e4ffler, Irmgard Rosinger, Marianne ObermaierBeisitzer\u00a0\u00a0\u00a0\u00a0\u00a0\u00a0\u00a0\u00a0\u00a0\u00a0\u00a0\u00a0\u00a0\u00a0\u00a0\u00a0\u00a0\u00a0\u00a0\u00a0\u00a0\u00a0\u00a0\u00a0 Traudl H\u00e4usler, Maria K\u00e4smaier u. Marianne LachnerKassenpr\u00fcfer\u00a0\u00a0\u00a0\u00a0\u00a0\u00a0\u00a0\u00a0\u00a0\u00a0\u00a0\u00a0\u00a0\u00a0\u00a0\u00a0 Marita Atzberger und Marion Bauer Obstpress-Team\u00a0\u00a0\u00a0\u00a0\u00a0\u00a0\u00a0\u00a0\u00a0\u00a0 Marianne Lachner und Annemarie Schulz Vereinsbeitrag &hellip; <a href=\"https:\/\/www.ogv-thalheim.de\/?page_id=222\">Weiterlesen <span class=\"meta-nav\">&rarr;<\/span><\/a><\/p>\n","protected":false},"author":1,"featured_media":0,"parent":0,"menu_order":0,"comment_status":"closed","ping_status":"open","template":"","meta":{"ngg_post_thumbnail":0,"footnotes":""},"class_list":["post-222","page","type-page","status-publish","hentry"],"_links":{"self":[{"href":"https:\/\/www.ogv-thalheim.de\/index.php?rest_route=\/wp\/v2\/pages\/222","targetHints":{"allow":["GET"]}}],"collection":[{"href":"https:\/\/www.ogv-thalheim.de\/index.php?rest_route=\/wp\/v2\/pages"}],"about":[{"href":"https:\/\/www.ogv-thalheim.de\/index.php?rest_route=\/wp\/v2\/types\/page"}],"author":[{"embeddable":true,"href":"https:\/\/www.ogv-thalheim.de\/index.php?rest_route=\/wp\/v2\/users\/1"}],"replies":[{"embeddable":true,"href":"https:\/\/www.ogv-thalheim.de\/index.php?rest_route=%2Fwp%2Fv2%2Fcomments&post=222"}],"version-history":[{"count":15,"href":"https:\/\/www.ogv-thalheim.de\/index.php?rest_route=\/wp\/v2\/pages\/222\/revisions"}],"predecessor-version":[{"id":1237,"href":"https:\/\/www.ogv-thalheim.de\/index.php?rest_route=\/wp\/v2\/pages\/222\/revisions\/1237"}],"wp:attachment":[{"href":"https:\/\/www.ogv-thalheim.de\/index.php?rest_route=%2Fwp%2Fv2%2Fmedia&parent=222"}],"curies":[{"name":"wp","href":"https:\/\/api.w.org\/{rel}","templated":true}]}}