{"id":218,"date":"2014-12-21T16:16:23","date_gmt":"2014-12-21T14:16:23","guid":{"rendered":"http:\/\/www.ogv-thalheim.de\/?page_id=218"},"modified":"2025-04-02T18:52:01","modified_gmt":"2025-04-02T16:52:01","slug":"chronik","status":"publish","type":"page","link":"https:\/\/www.ogv-thalheim.de\/?page_id=218","title":{"rendered":"Chronik"},"content":{"rendered":"<table border=\"0\" width=\"610\" cellspacing=\"0\" cellpadding=\"0\">\n<tbody>\n<tr>\n<td width=\"535\"><b><i>Chronik des Gartenbauverens Thalheim<\/i><\/b><b>1920<br \/>\n<i> <\/i><\/b>Gr\u00fcndung des Vereins durch den Lehrer <b>Franz Xaver Asam<\/b> mit der Absicht, den Obstbau zu f\u00f6rdern.W\u00e4hrend der <b>Nazi Diktatur<\/b> erstirbt das Vereinsleben<\/p>\n<p><b>1950<br \/>\n<\/b><b><\/b>Neugr\u00fcndung des Vereins, der ein Jahr sp\u00e4ter dem Bayer. Landesverband\u00a0beitritt. Die chemische Sch\u00e4dlingsbek\u00e4mpfung wurde eingef\u00fchrt. \u00dcbersch\u00fcssiges Obst kann an die <b>Kelterei in<\/b> <b>Erding<\/b> geliefert werden.<br \/>\n<b>Martin Sellmaier<\/b> \u00fcbernahm die Leitung des Vereins.<br \/>\n<b>Georg Brendel<\/b> wird Kassier<br \/>\n<b>Hans Reiser<\/b> wird wieder Baumwart.<br \/>\n<b>1952<\/b> <b>Karl Gr\u00fcn<\/b> \u00fcbernimmt die Funktion des Baumwartes.<\/p>\n<p><b>1954<br \/>\n<\/b>Der Verein erlebt seine Bl\u00fctezeit mit <b>75 <\/b>Mitgliedern.<\/p>\n<p><b>1965<br \/>\n<\/b>Da die Mitgliederzahl auf 12 gesunken ist, tritt der Verein aus dem Landesverband aus.<\/p>\n<p><b>1985<br \/>\n<\/b> Zweite Neugr\u00fcndung des Vereins nach dem Krieg.<br \/>\n<b>Rudolf Wimmer<\/b> wird zum Vereinsvorsitzenden gew\u00e4hlt.<\/p>\n<p><b>1987<\/b><br \/>\nerlangte der Verein die steuerliche Gemeinn\u00fctzigkeit.<br \/>\nDer Verein tritt dem Bayr. Landesverband f\u00fcr Gartenbau und Landespflege bei.<\/p>\n<p><b>1990<br \/>\n<\/b>wird eine Obstpresse f\u00fcr den Verein angeschafft.<\/p>\n<p><b>1995<br \/>\n75-Jahrfeier<\/b> mit Feier in der Schulturnhalle, feierlichem Gottesdienst und einer\u00a0 Ausstellung mit gartenbezogenen Themen und \u00fcber 100 verschiedenen\u00a0 Obstsorten.<\/p>\n<p><b>1997<br \/>\n<\/b><b>Maria Sellmaier-Wimmer<\/b> \u00fcbernimmt den Vorsitz des Vereins, dessen Mitgliederzahl nun\u00a0 auf <b>120<\/b> angewachsen war.<\/p>\n<p><b>1998<br \/>\n<\/b>erfolgte der Eintrag in das Vereinsregister. Ein eigener Raum zum Obstpressen\u00a0konnte bezogen werden.<br \/>\n<strong>2002<\/strong><br \/>\nLilo Schrankl wird zur ersten Vorsitzenden des OGV Thalheim gew\u00e4hlt.<\/p>\n<p><strong>2004<\/strong><br \/>\nUnter Vorsitz von Lilo Schrank wir in Zusammenarbeit mit der Gemeinde und der Dorferneuerung am 03.10.2004 der Marienweg eingeweiht.<\/p>\n<p><b>2005<\/b>\u00a0Mitgliederstand: <b>137<\/b><\/p>\n<p><strong>2008<\/strong><b><br \/>\n<\/b>Im April 2008 wird der<b><br \/>\n&#8220; Weg der Baumbotschaften&#8220; <\/b>er\u00f6ffnet.<b><br \/>\n<\/b>Der Gartenbauverein Thalheim hat 16 Infok\u00e4sten auf einer Teilstrecke des Marienwegs angebracht, die wissenswertes \u00fcber das jeweilige Objekt beinhalten.<br \/>\n<b><br \/>\n2009<br \/>\n<\/b>Der OGV Thalheim gr\u00fcndet eine Kindergruppe &#8220; die Thalheimer Wiesel &#8220;<br \/>\nLeitung Christel Ansorge<\/p>\n<p><strong>2010<br \/>\n<\/strong>Ende Aug. findet im Rahmen einer Tomatenausstellung der<br \/>\nFestabend zur \u00a0 <strong>Wiedergr\u00fcndung des Vereins vor 25 Jahren<\/strong> statt<br \/>\nVorsitz Lilo Schrankl<\/p>\n<p><strong>2013<br \/>\nNeuwahlen<br \/>\n<\/strong>Gabi Rekowski wird zur neuen Vorsitzenden des OGV Thalheim gew\u00e4hlt.<\/p>\n<p><strong>2014<\/strong><br \/>\nMaibaum aufstellen in Maria Thalheim. Der Obst-u.-Gartenbauverein ist diesmal der verantwortliche Verein.<\/p>\n<p>Der Verein beteiligt sich mit einer Bude am Weihnachtsmarkt in Maria Thalheim.<\/p>\n<p><strong>2017<br \/>\nNeuwahlen<br \/>\n<\/strong>Gabi Rekowski und 2. Vorsitzende Annemarie Schulz bleiben weitere<br \/>\n4 Jahre im Amt. Traudl H\u00e4usler \u00fcbergibt das Amt des Kassiers an Dagmar Fischer, bleibt der Vorstandschaft aber als Beisitzer erhalten. Schriftf\u00fchrer bleibt Astrid Scheuchenpflug.<br \/>\nDerzeit <strong>154 Mitglieder<\/strong><\/p>\n<p><strong>2020<br \/>\n<\/strong><strong>35 Jahre nach Wiedergr\u00fcndung<\/strong> musste wegen der Corona Pandemie das ganze Jahr hindurch auf Aktivit\u00e4ten und Feiern verzichtet werden.<\/p>\n<p><strong>2021<\/strong><br \/>\n<strong>Neuwahlen<br \/>\n<\/strong>Gabi Rekowski und Astrid Scheuchenpflug stellen sich nicht mehr zur Wahl.<br \/>\nZur 1. Vorsitzenden wird Annemarie Schulz gew\u00e4hlt und Ilona Weidner nimmt die Wahl zur Stellvertreterin an. Neue Schriftf\u00fchrerin wird Monika Bart. Alle anderen Vorstandsmitglieder werden erneut in ihren \u00c4mtern best\u00e4ttigt.<br \/>\nDer Verein hat derzeit <strong>156 Mitglieder<\/strong><\/p>\n<p><strong>2024<br \/>\n20 Jahre Marienweg<br \/>\n<\/strong>Am 05. Okt. 2024 feiert der OGV Thalheim das 20j\u00e4hrige Bestehen des Marienweg. Bei Kaffee und Kuchen wurde am Dorfplatz und im Pfarrsaal gefeiert.<\/p>\n<p><strong>2025<br \/>\n<\/strong><strong>\u00a0Jahreshauptversammlung mit Neuwahlen\u00a0 05. 02. 2025<br \/>\n<\/strong>Bis auf Michael Maier als Beisitzer wird die bisherige Vorstandschaft wiedergew\u00e4hlt. Neue Beisitzerin ist Marianne Lachner. Christina Pichlmaier scheidet als Kassenpr\u00fcfer aus, neu Marion Bauer .<\/p>\n<p><strong>40 Jahre Obst-und Gartenbauverein Thalheim<br \/>\n<\/strong>Am 15. M\u00e4rz 2025 Feier zur 40j\u00e4hrigen Wiedergr\u00fcndung des Obst-und Gartenbauvereins Thalheim .<br \/>\n14 Uhr Andacht f\u00fcr verstorbene Mitglieder in der St.Martinkirche in Oberbierbach<br \/>\nAnschlie\u00dfend im Gasthaus Strasser Feier mit R\u00fcckblick und Ehrungen<br \/>\n18 Gr\u00fcndungsmitglieder aus dem Jahre 1985 werden geehrt.<\/p>\n<p><strong>Der Verein z\u00e4hlt derzeit 167\u00a0 Mitglieder<\/strong><\/p>\n<p>Laut Satzung widmet sich der Verein, im Rahmen der Gartenkultur und der Landespflege, der F\u00f6rderung des Umweltschutzes, der menschlichen Gesundheit, der Orts- und Heimatversch\u00f6nerung wie auch der Heimatpflege.<\/p>\n<p>Umgesetzt wurden diese Richtlinien durch \u00f6ffentliche Pflanzungen,\u00a0 Aufstellung von Ruheb\u00e4nken , und die Anlage eines Spirituellen Wanderweges, des Marienweges,.<br \/>\nDie Mitglieder des Obst-und Gartenbauvereins hegen und pflegen die Stationen am Marienweg. Jedes Jahr werden die B\u00e4nke sauber gemacht und gestrichen. Die M\u00e4harbeiten rund um die Rastpl\u00e4tze werden von sogenannten &#8222;Paten&#8220; erledigt.<\/p>\n<p>Fachvortr\u00e4ge, praktische \u00dcbungen und\u00a0 Exkursionen vervollst\u00e4ndigen die T\u00e4tigkeiten des Vereins.<\/td>\n<td width=\"35\"><\/td>\n<\/tr>\n<\/tbody>\n<\/table>\n","protected":false},"excerpt":{"rendered":"<p>Chronik des Gartenbauverens Thalheim1920 Gr\u00fcndung des Vereins durch den Lehrer Franz Xaver Asam mit der Absicht, den Obstbau zu f\u00f6rdern.W\u00e4hrend der Nazi Diktatur erstirbt das Vereinsleben 1950 Neugr\u00fcndung des Vereins, der ein Jahr sp\u00e4ter dem Bayer. Landesverband\u00a0beitritt. Die chemische Sch\u00e4dlingsbek\u00e4mpfung &hellip; <a href=\"https:\/\/www.ogv-thalheim.de\/?page_id=218\">Weiterlesen <span class=\"meta-nav\">&rarr;<\/span><\/a><\/p>\n","protected":false},"author":1,"featured_media":0,"parent":0,"menu_order":0,"comment_status":"closed","ping_status":"open","template":"","meta":{"ngg_post_thumbnail":0,"footnotes":""},"class_list":["post-218","page","type-page","status-publish","hentry"],"_links":{"self":[{"href":"https:\/\/www.ogv-thalheim.de\/index.php?rest_route=\/wp\/v2\/pages\/218","targetHints":{"allow":["GET"]}}],"collection":[{"href":"https:\/\/www.ogv-thalheim.de\/index.php?rest_route=\/wp\/v2\/pages"}],"about":[{"href":"https:\/\/www.ogv-thalheim.de\/index.php?rest_route=\/wp\/v2\/types\/page"}],"author":[{"embeddable":true,"href":"https:\/\/www.ogv-thalheim.de\/index.php?rest_route=\/wp\/v2\/users\/1"}],"replies":[{"embeddable":true,"href":"https:\/\/www.ogv-thalheim.de\/index.php?rest_route=%2Fwp%2Fv2%2Fcomments&post=218"}],"version-history":[{"count":21,"href":"https:\/\/www.ogv-thalheim.de\/index.php?rest_route=\/wp\/v2\/pages\/218\/revisions"}],"predecessor-version":[{"id":1271,"href":"https:\/\/www.ogv-thalheim.de\/index.php?rest_route=\/wp\/v2\/pages\/218\/revisions\/1271"}],"wp:attachment":[{"href":"https:\/\/www.ogv-thalheim.de\/index.php?rest_route=%2Fwp%2Fv2%2Fmedia&parent=218"}],"curies":[{"name":"wp","href":"https:\/\/api.w.org\/{rel}","templated":true}]}}