{"id":21,"date":"2014-08-11T08:13:02","date_gmt":"2014-08-11T06:13:02","guid":{"rendered":"http:\/\/wordpress-ogv.cschulzz.de\/?page_id=21"},"modified":"2026-04-05T12:01:51","modified_gmt":"2026-04-05T10:01:51","slug":"willkommen","status":"publish","type":"page","link":"https:\/\/www.ogv-thalheim.de\/","title":{"rendered":"Willkommen"},"content":{"rendered":"<p>Wir freuen uns, dass Sie unsere neue Internet-Seite besuchen. Diese Seite soll Sie \u00fcber die T\u00e4tigkeiten des Obst- und Gartenbauvereins, wie auch \u00fcber die Mitglieder, die diesem Verein erst Leben \u201ceinhauchen\u201d, informieren.<\/p>\n<\/p>\n\n\n<figure class=\"wp-block-image size-large is-resized\"><a href=\"https:\/\/www.ogv-thalheim.de\/wp-content\/uploads\/2026\/04\/Ogv-Gruppenfoto-scaled.jpeg\"><img loading=\"lazy\" decoding=\"async\" width=\"1024\" height=\"771\" src=\"https:\/\/www.ogv-thalheim.de\/wp-content\/uploads\/2026\/04\/Ogv-Gruppenfoto-1024x771.jpeg\" alt=\"\" class=\"wp-image-1300\" srcset=\"https:\/\/www.ogv-thalheim.de\/wp-content\/uploads\/2026\/04\/Ogv-Gruppenfoto-1024x771.jpeg 1024w, https:\/\/www.ogv-thalheim.de\/wp-content\/uploads\/2026\/04\/Ogv-Gruppenfoto-300x226.jpeg 300w, https:\/\/www.ogv-thalheim.de\/wp-content\/uploads\/2026\/04\/Ogv-Gruppenfoto-768x578.jpeg 768w, https:\/\/www.ogv-thalheim.de\/wp-content\/uploads\/2026\/04\/Ogv-Gruppenfoto-1536x1157.jpeg 1536w, https:\/\/www.ogv-thalheim.de\/wp-content\/uploads\/2026\/04\/Ogv-Gruppenfoto-2048x1542.jpeg 2048w\" sizes=\"auto, (max-width: 1024px) 100vw, 1024px\" \/><\/a><\/figure>\n\n\n\n<div class=\"wp-block-group is-nowrap is-layout-flex wp-container-core-group-is-layout-ad2f72ca wp-block-group-is-layout-flex\"><a href=\"https:\/\/www.ogv-thalheim.de\/wp-content\/uploads\/2025\/02\/ogv_beitritt_gesamt.pdf\" class=\"su-button su-button-style-soft\" style=\"color:#FFFFFF;background-color:#2D89EF;border-color:#246ec0;border-radius:6px\" target=\"_blank\" rel=\"noopener noreferrer\" id=\"1860\" download=\"beitritt\"><span style=\"color:#FFFFFF;padding:6px 18px;font-size:14px;line-height:21px;border-color:#6cadf4;border-radius:6px;text-shadow:none\"><i class=\"sui sui-download\" style=\"font-size:14px;color:#FFFFFF\"><\/i> Beitrittserkl\u00e4rung<small style=\"padding-bottom:6px;color:#FFFFFF\">Das Formular zum Ausdrucken<\/small><\/span><\/a>\n\n\n<a href=\"https:\/\/www.ogv-thalheim.de\/wp-content\/uploads\/2025\/11\/beitritt_u18_2.pdf\" class=\"su-button su-button-style-soft\" style=\"color:#FFFFFF;background-color:#2D89EF;border-color:#246ec0;border-radius:6px\" target=\"_blank\" rel=\"noopener noreferrer\" id=\"1860\" download=\"beitritt_u18\"><span style=\"color:#FFFFFF;padding:6px 18px;font-size:14px;line-height:21px;border-color:#6cadf4;border-radius:6px;text-shadow:none\"><i class=\"sui sui-download\" style=\"font-size:14px;color:#FFFFFF\"><\/i> Beitrittserkl\u00e4rung U18<small style=\"padding-bottom:6px;color:#FFFFFF\">Das Formular zum Ausdrucken<\/small><\/span><\/a>\n<\/div>\n\n\n\n<div class=\"wp-block-columns are-vertically-aligned-center is-layout-flex wp-container-core-columns-is-layout-9d6595d7 wp-block-columns-is-layout-flex\">\n<div class=\"wp-block-column is-vertically-aligned-center is-layout-flow wp-block-column-is-layout-flow\" style=\"flex-basis:100%\">\n<div class=\"wp-block-group\"><div class=\"wp-block-group__inner-container is-layout-flow wp-block-group-is-layout-flow\"><\/div><\/div>\n<\/div>\n<\/div>\n\n\n\n<p><\/p>\n","protected":false},"excerpt":{"rendered":"<p>Wir freuen uns, dass Sie unsere neue Internet-Seite besuchen. Diese Seite soll Sie \u00fcber die T\u00e4tigkeiten des Obst- und Gartenbauvereins, wie auch \u00fcber die Mitglieder, die diesem Verein erst Leben \u201ceinhauchen\u201d, informieren.<\/p>\n","protected":false},"author":1,"featured_media":0,"parent":0,"menu_order":0,"comment_status":"closed","ping_status":"open","template":"","meta":{"ngg_post_thumbnail":0,"footnotes":""},"class_list":["post-21","page","type-page","status-publish","hentry"],"_links":{"self":[{"href":"https:\/\/www.ogv-thalheim.de\/index.php?rest_route=\/wp\/v2\/pages\/21","targetHints":{"allow":["GET"]}}],"collection":[{"href":"https:\/\/www.ogv-thalheim.de\/index.php?rest_route=\/wp\/v2\/pages"}],"about":[{"href":"https:\/\/www.ogv-thalheim.de\/index.php?rest_route=\/wp\/v2\/types\/page"}],"author":[{"embeddable":true,"href":"https:\/\/www.ogv-thalheim.de\/index.php?rest_route=\/wp\/v2\/users\/1"}],"replies":[{"embeddable":true,"href":"https:\/\/www.ogv-thalheim.de\/index.php?rest_route=%2Fwp%2Fv2%2Fcomments&post=21"}],"version-history":[{"count":37,"href":"https:\/\/www.ogv-thalheim.de\/index.php?rest_route=\/wp\/v2\/pages\/21\/revisions"}],"predecessor-version":[{"id":1301,"href":"https:\/\/www.ogv-thalheim.de\/index.php?rest_route=\/wp\/v2\/pages\/21\/revisions\/1301"}],"wp:attachment":[{"href":"https:\/\/www.ogv-thalheim.de\/index.php?rest_route=%2Fwp%2Fv2%2Fmedia&parent=21"}],"curies":[{"name":"wp","href":"https:\/\/api.w.org\/{rel}","templated":true}]}}